{"id":3254,"date":"2024-10-14T17:07:12","date_gmt":"2024-10-14T15:07:12","guid":{"rendered":"https:\/\/cafebelgrado.com\/cenas-para-grupos-en-sant-cugat-del-valles\/"},"modified":"2025-01-13T16:06:44","modified_gmt":"2025-01-13T14:06:44","slug":"cenas-para-grupos-en-sant-cugat-del-valles","status":"publish","type":"page","link":"https:\/\/cafebelgrado.com\/es\/cenas-para-grupos-en-sant-cugat-del-valles\/","title":{"rendered":"Cenas para Grupos en Sant Cugat del Vall\u00e8s"},"content":{"rendered":"<div class=\"gb-container gb-container-9101f2b3 alignfull\">\n<div class=\"gb-container gb-container-223c2aaa\">\n\n<h1 class=\"gb-headline gb-headline-df2914db gb-headline-text\">Cenas para Grupos <br>enSant Cugat del Vall\u00e8s<\/h1>\n\n\n\n<a class=\"gb-button gb-button-ca4fd764 gb-button-text\" href=\"https:\/\/www.covermanager.com\/reserve\/module_restaurant\/restaurante-cafe-belgrado\/catalan\" target=\"_blank\" rel=\"noopener noreferrer\"><strong>Reservar<\/strong><\/a>\n\n<\/div>\n<\/div>\n\n<div class=\"gb-container gb-container-ffa2a43e alignfull\">\n<div class=\"gb-container gb-container-e7a0a95f\">\n\n<h2 class=\"gb-headline gb-headline-93272efb gb-headline-text\"><strong>la mejor opci\u00f3n para cenas para grupos<\/strong><br><strong>en Sant Cugat del Vall\u00e8s<\/strong><\/h2>\n\n\n\n<h3 class=\"gb-headline gb-headline-b112d928 gb-headline-text\">Ambientes \u00d3ptimos para Compartir con Amigos y Familia<\/h3>\n\n\n\n<h3 class=\"gb-headline gb-headline-894d0d81 gb-headline-text\"><strong>\u00a1Reserva ahora!<\/strong><\/h3>\n\n\n\n<iframe\n  src=\"https:\/\/updates.ecoseo.net\/widget\/form\/NoU8dbiXnUFa4mCJJH9f\"\n  style=\"width:100%;height:100%;border:none;border-radius:0px\"\n  id=\"inline-NoU8dbiXnUFa4mCJJH9f\" \n  data-layout=\"{'id':'INLINE'}\"\n  data-trigger-type=\"alwaysShow\"\n  data-trigger-value=\"\"\n  data-activation-type=\"alwaysActivated\"\n  data-activation-value=\"\"\n  data-deactivation-type=\"neverDeactivate\"\n  data-deactivation-value=\"\"\n  data-form-name=\"Form Sopars per a Grups - ESP\"\n  data-height=\"418\"\n  data-layout-iframe-id=\"inline-NoU8dbiXnUFa4mCJJH9f\"\n  data-form-id=\"NoU8dbiXnUFa4mCJJH9f\"\n  title=\"Form Sopars per a Grups - ESP\"\n      >\n<\/iframe>\n<script src=\"https:\/\/updates.ecoseo.net\/js\/form_embed.js\"><\/script>\n\n<\/div>\n<\/div>\n\n<div class=\"gb-container gb-container-1d70f8fe alignfull\"><\/div>\n\n<div class=\"gb-container gb-container-975e45ee alignfull\">\n<div class=\"gb-container gb-container-23edff00\">\n\n<h2 class=\"gb-headline gb-headline-b6bf153e gb-headline-text\"><strong>Ambiente hist\u00f3rico y aut\u00e9ntico en el Mercantic<\/strong><\/h2>\n\n\n\n<h3 class=\"gb-headline gb-headline-39c05762 gb-headline-text\">Celebra en un entorno \u00fanico y lleno de personalidad<\/h3>\n\n\n\n<p class=\"gb-headline gb-headline-4937bc35 gb-headline-text\">El Mercantic es conocido por su encanto hist\u00f3rico y cultural, y el Caf\u00e9 Belgrado es una parte esencial. Este entorno singular ofrece una atm\u00f3sfera inigualable que har\u00e1 que tus cenas por grupos sean especiales desde el primer momento. <\/p>\n\n\n\n<p class=\"gb-headline gb-headline-e8b57448 gb-headline-text\">Con una decoraci\u00f3n vintage y un ambiente inigualable, el Caf\u00e9 Belgrado te ofrece un entorno perfecto para gozar de una experiencia \u00fanica y memorable en buena compa\u00f1\u00eda.<\/p>\n\n<\/div>\n<\/div>\n\n<div class=\"gb-container gb-container-e01381e7 alignfull\">\n<div class=\"gb-container gb-container-88237b8d\">\n<div class=\"gb-grid-wrapper gb-grid-wrapper-429a302b\">\n<div class=\"gb-grid-column gb-grid-column-8193ac38\"><div class=\"gb-container gb-container-8193ac38\">\n\n<figure class=\"gb-block-image gb-block-image-dd850cda\"><img loading=\"lazy\" decoding=\"async\" width=\"600\" height=\"600\" class=\"gb-image gb-image-dd850cda\" src=\"https:\/\/cafebelgrado.com\/wp-content\/uploads\/2024\/12\/belgrado-grupos.jpg\" alt=\" Cenas para Grupos en Sant Cugat del Vall\u00e8s\" title=\"belgrado-grupos\" srcset=\"https:\/\/cafebelgrado.com\/wp-content\/uploads\/2024\/12\/belgrado-grupos.jpg 600w, https:\/\/cafebelgrado.com\/wp-content\/uploads\/2024\/12\/belgrado-grupos-300x300.jpg 300w, https:\/\/cafebelgrado.com\/wp-content\/uploads\/2024\/12\/belgrado-grupos-150x150.jpg 150w\" sizes=\"auto, (max-width: 600px) 100vw, 600px\" \/><\/figure>\n\n<\/div><\/div>\n\n<div class=\"gb-grid-column gb-grid-column-471285a6\"><div class=\"gb-container gb-container-471285a6\">\n\n<h2 class=\"gb-headline gb-headline-af877899 gb-headline-text\"><strong>Servicio Personalizado y Atenci\u00f3n Detallada<\/strong><\/h2>\n\n\n<div class=\"gb-container gb-container-b1d01c29\">\n<div class=\"gb-container gb-container-a838491c\">\n\n<p class=\"gb-headline gb-headline-93189c5e gb-headline-text\">Otro gran beneficio de organizar tus<br><strong>Cenas para Grupos en Sant Cugat del Vall\u00e8s<\/strong> en el Caf\u00e9 Belgrado es la atenci\u00f3n<br>personalizada que ofrecemos. Sabemos que cada grupo tiene diferentes expectativas y<br>necesidades y nuestro equipo est\u00e1 dedicado a asegurar que todas estas<br>expectativas sean satisfechas y superadas. <\/p>\n\n<\/div>\n<\/div>\n\n\n<p class=\"gb-headline gb-headline-4e999d0c gb-headline-text\">El ambiente acogedor, el personal atento y la capacidad de adaptarnos a tus necesidades hacen que cada cena grupal sea una experiencia \u00fanica, asegur\u00e1ndonos que cada persona se sienta como en casa.<\/p>\n\n<\/div><\/div>\n<\/div>\n<\/div>\n<\/div>\n\n<div class=\"gb-container gb-container-d85a1fc5 alignfull\">\n<div class=\"gb-container gb-container-f38a6455\">\n<div class=\"gb-grid-wrapper gb-grid-wrapper-46af3b54\">\n<div class=\"gb-grid-column gb-grid-column-8706f24e\"><div class=\"gb-container gb-container-8706f24e\">\n\n<h2 class=\"gb-headline gb-headline-b107e30a gb-headline-text\"><strong>Reserva Tus Cenas para Grupos en Sant Cugat del Vall\u00e8s en el Caf\u00e9 Belgrado<\/strong><\/h2>\n\n\n\n<p class=\"gb-headline gb-headline-1eb472fd gb-headline-text\">\u00bfListo para disfrutar de una noche inolvidable con amigos, familiares o compa\u00f1eros? En Caf\u00e9 Belgrado, estamos preparados para ofrecerte un servicio de calidad en un entorno \u00fanico. Contacta con nosotros hoy mismo y reserva tus Cenas por Grupos en Sant Cugat del Vall\u00e8s. Aseg\u00farese de vivir una experiencia que todos recordar\u00e1n con cari\u00f1o. Te esperamos en el Mercantic, en Sant Cugat del Vall\u00e8s, para celebrar juntos un evento especial y memorable.    <\/p>\n\n\n<div class=\"gb-container gb-container-bfa1ab0d\">\n\n<a class=\"gb-button gb-button-d29553b8 gb-button-text\" href=\"mailto:cafebelgrado@grup66.com\" target=\"_blank\" rel=\"noopener noreferrer\"><strong>Contacto<\/strong><\/a>\n\n<\/div>\n<\/div><\/div>\n\n<div class=\"gb-grid-column gb-grid-column-2b0f6e23\"><div class=\"gb-container gb-container-2b0f6e23\">\n\n<figure class=\"gb-block-image gb-block-image-db2aaa8b\"><img loading=\"lazy\" decoding=\"async\" width=\"600\" height=\"600\" class=\"gb-image gb-image-db2aaa8b\" src=\"https:\/\/cafebelgrado.com\/wp-content\/uploads\/2024\/12\/5-2.jpg\" alt=\" Cenas para Grupos en Sant Cugat del Vall\u00e8s\" title=\"5\" srcset=\"https:\/\/cafebelgrado.com\/wp-content\/uploads\/2024\/12\/5-2.jpg 600w, https:\/\/cafebelgrado.com\/wp-content\/uploads\/2024\/12\/5-2-300x300.jpg 300w, https:\/\/cafebelgrado.com\/wp-content\/uploads\/2024\/12\/5-2-150x150.jpg 150w\" sizes=\"auto, (max-width: 600px) 100vw, 600px\" \/><\/figure>\n\n<\/div><\/div>\n<\/div>\n<\/div>\n<\/div>\n\n<div class=\"gb-container gb-container-8ca2aaed alignfull\">\n<div class=\"gb-container gb-container-1ed74c14\">\n\n<h2 class=\"gb-headline gb-headline-b72e94fe gb-headline-text\"><strong>Preguntas frecuentes sobre nuestras Cenas para Grupos en Sant Cugat del Vall\u00e8s<\/strong><\/h2>\n\n\n<div id=\"rank-math-faq\" class=\"rank-math-block\" style=\"text-align:center\">\n<div class=\"rank-math-list \">\n<div id=\"faq-question-1730908342980\" class=\"rank-math-list-item\">\n<h3 class=\"rank-math-question \">\u00bfExiste un coste adicional por reservas de grupo?<\/h3>\n<div class=\"rank-math-answer \">\n\n<p>No existen costes adicionales, pero se requiere una confirmaci\u00f3n previa con antelaci\u00f3n para garantizar la disponibilidad.<\/p>\n\n<\/div>\n<\/div>\n<div id=\"faq-question-1730908371312\" class=\"rank-math-list-item\">\n<h3 class=\"rank-math-question \">\u00bfPuedo modificar mi reserva?<\/h3>\n<div class=\"rank-math-answer \">\n\n<p>S\u00ed, las reservas se pueden modificar hasta 48 horas antes del evento, dependiendo de la disponibilidad.<\/p>\n\n<\/div>\n<\/div>\n<div id=\"faq-question-1730908378903\" class=\"rank-math-list-item\">\n<h3 class=\"rank-math-question \">\u00bfC\u00f3mo se realiza la reserva para una cena para grupos?<\/h3>\n<div class=\"rank-math-answer \">\n\n<p>La reserva puede hacerse f\u00e1cilmente contactando con nuestro equipo a trav\u00e9s del tel\u00e9fono o del formulario de contacto en nuestra p\u00e1gina web.<\/p>\n\n<\/div>\n<\/div>\n<div id=\"faq-question-1730908387598\" class=\"rank-math-list-item\">\n<h3 class=\"rank-math-question \">\u00bfExisten opciones de entretenimiento durante la cena?<\/h3>\n<div class=\"rank-math-answer \">\n\n<p>S\u00ed, ofrecemos varias opciones de entretenimiento, como m\u00fasica en vivo o DJ, para que la velada sea m\u00e1s especial y divertida para todos los asistentes.<\/p>\n\n<\/div>\n<\/div>\n<div id=\"faq-question-1730908395032\" class=\"rank-math-list-item\">\n<h3 class=\"rank-math-question \">\u00bfQu\u00e9 tipos de bebidas se ofrecen durante las cenas para grupos?<\/h3>\n<div class=\"rank-math-answer \">\n\n<p>Contamos con una amplia variedad de bebidas, incluyendo vinos locales, c\u00f3cteles personalizados y bebidas sin alcohol para que todos los asistentes puedan disfrutar de la cena a su manera.<\/p>\n\n<\/div>\n<\/div>\n<\/div>\n<\/div>\n\n<div class=\"gb-container gb-container-8ce970b8\">\n\n<a class=\"gb-button gb-button-0b518d1c gb-button-text\" href=\"https:\/\/cafebelgrado.com\/cartes\/\"><strong>Carta<\/strong><\/a>\n\n<\/div>\n<\/div>\n<\/div>","protected":false},"excerpt":{"rendered":"<p> &#8230; <a title=\"Cenas para Grupos en Sant Cugat del Vall\u00e8s\" class=\"read-more\" href=\"https:\/\/cafebelgrado.com\/es\/cenas-para-grupos-en-sant-cugat-del-valles\/\" aria-label=\"Leer m\u00e1s sobre Cenas para Grupos en Sant Cugat del Vall\u00e8s\">Leer m\u00e1s<\/a><\/p>\n","protected":false},"author":1,"featured_media":2771,"parent":0,"menu_order":0,"comment_status":"closed","ping_status":"closed","template":"","meta":{"footnotes":""},"class_list":["post-3254","page","type-page","status-publish","has-post-thumbnail"],"_links":{"self":[{"href":"https:\/\/cafebelgrado.com\/es\/wp-json\/wp\/v2\/pages\/3254","targetHints":{"allow":["GET"]}}],"collection":[{"href":"https:\/\/cafebelgrado.com\/es\/wp-json\/wp\/v2\/pages"}],"about":[{"href":"https:\/\/cafebelgrado.com\/es\/wp-json\/wp\/v2\/types\/page"}],"author":[{"embeddable":true,"href":"https:\/\/cafebelgrado.com\/es\/wp-json\/wp\/v2\/users\/1"}],"replies":[{"embeddable":true,"href":"https:\/\/cafebelgrado.com\/es\/wp-json\/wp\/v2\/comments?post=3254"}],"version-history":[{"count":2,"href":"https:\/\/cafebelgrado.com\/es\/wp-json\/wp\/v2\/pages\/3254\/revisions"}],"predecessor-version":[{"id":3538,"href":"https:\/\/cafebelgrado.com\/es\/wp-json\/wp\/v2\/pages\/3254\/revisions\/3538"}],"wp:featuredmedia":[{"embeddable":true,"href":"https:\/\/cafebelgrado.com\/es\/wp-json\/wp\/v2\/media\/2771"}],"wp:attachment":[{"href":"https:\/\/cafebelgrado.com\/es\/wp-json\/wp\/v2\/media?parent=3254"}],"curies":[{"name":"wp","href":"https:\/\/api.w.org\/{rel}","templated":true}]}}