{"id":3253,"date":"2024-10-14T12:16:34","date_gmt":"2024-10-14T10:16:34","guid":{"rendered":"https:\/\/cafebelgrado.com\/cenas-de-cumpleanos-en-sant-cugat-del-valles\/"},"modified":"2025-01-13T16:05:44","modified_gmt":"2025-01-13T14:05:44","slug":"cenas-de-cumpleanos-en-sant-cugat-del-valles","status":"publish","type":"page","link":"https:\/\/cafebelgrado.com\/es\/cenas-de-cumpleanos-en-sant-cugat-del-valles\/","title":{"rendered":"Cenas de Cumplea\u00f1os en Sant Cugat del Vall\u00e8s"},"content":{"rendered":"<div class=\"gb-container gb-container-9101f2b3 alignfull\">\n<div class=\"gb-container gb-container-223c2aaa\">\n\n<h1 class=\"gb-headline gb-headline-df2914db gb-headline-text\">Cenas de Cumplea\u00f1os<br>en Sant Cugat del Vall\u00e8s<\/h1>\n\n\n\n<a class=\"gb-button gb-button-ca4fd764 gb-button-text\" href=\"https:\/\/www.covermanager.com\/reserve\/module_restaurant\/restaurante-cafe-belgrado\/catalan\" target=\"_blank\" rel=\"noopener noreferrer\"><strong>Reservar<\/strong><\/a>\n\n<\/div>\n<\/div>\n\n<div class=\"gb-container gb-container-ffa2a43e alignfull\">\n<div class=\"gb-container gb-container-e7a0a95f\">\n\n<h2 class=\"gb-headline gb-headline-93272efb gb-headline-text\"><strong>Celebra un Cumplea\u00f1os Inolvidable <\/strong><br><strong>en un Entorno \u00danico<\/strong><\/h2>\n\n\n\n<h3 class=\"gb-headline gb-headline-b112d928 gb-headline-text\">Espacios Ideales para Cenas de Cumplea\u00f1os<\/h3>\n\n\n\n<h3 class=\"gb-headline gb-headline-894d0d81 gb-headline-text\"><strong>\u00a1Reserva ahora!<\/strong><\/h3>\n\n\n\n<iframe\n  src=\"https:\/\/updates.ecoseo.net\/widget\/form\/JFMK8HzSYGpXzEEIAVX4\"\n  style=\"width:100%;height:100%;border:none;border-radius:0px\"\n  id=\"inline-JFMK8HzSYGpXzEEIAVX4\" \n  data-layout=\"{'id':'INLINE'}\"\n  data-trigger-type=\"alwaysShow\"\n  data-trigger-value=\"\"\n  data-activation-type=\"alwaysActivated\"\n  data-activation-value=\"\"\n  data-deactivation-type=\"neverDeactivate\"\n  data-deactivation-value=\"\"\n  data-form-name=\"Form Sopars d'aniversari - ESP\"\n  data-height=\"418\"\n  data-layout-iframe-id=\"inline-JFMK8HzSYGpXzEEIAVX4\"\n  data-form-id=\"JFMK8HzSYGpXzEEIAVX4\"\n  title=\"Form Sopars d'aniversari - ESP\"\n      >\n<\/iframe>\n<script src=\"https:\/\/updates.ecoseo.net\/js\/form_embed.js\"><\/script>\n\n<\/div>\n<\/div>\n\n<div class=\"gb-container gb-container-1d70f8fe alignfull\"><\/div>\n\n<div class=\"gb-container gb-container-975e45ee alignfull\">\n<div class=\"gb-container gb-container-23edff00\">\n\n<h2 class=\"gb-headline gb-headline-b6bf153e gb-headline-text\"><strong>Gastronom\u00eda excepcional para <\/strong><br><strong>cenas de cumplea\u00f1os en<\/strong> <strong>Sant Cugat del Vall\u00e8s<\/strong><\/h2>\n\n\n\n<h3 class=\"gb-headline gb-headline-39c05762 gb-headline-text\">Una propuesta culinaria que sorprende<\/h3>\n\n\n\n<p class=\"gb-headline gb-headline-4937bc35 gb-headline-text\">En el <strong>Caf\u00e9 Belgrado<\/strong>, sabemos que la <strong>comida<\/strong> es uno de los aspectos m\u00e1s importantes para que una <strong>cena de cumplea\u00f1os<\/strong> sea perfecta. Por ello, ofrecemos un men\u00fa personalizado que se adapta a los gustos de cada grupo, aseg\u00farese de que todos los asistentes disfruten de una deliciosa experiencia culinaria. <\/p>\n\n\n\n<p class=\"gb-headline gb-headline-e8b57448 gb-headline-text\">Nuestro men\u00fa incluye platos variados que combinan propuestas tradicionales con opciones m\u00e1s modernas e innovadoras, siempre usando ingredientes frescos y de alta calidad. Nuestro objetivo es crear una experiencia gastron\u00f3mica que deje a todos los asistentes con ganas de repetir. <\/p>\n\n<\/div>\n<\/div>\n\n<div class=\"gb-container gb-container-e01381e7 alignfull\">\n<div class=\"gb-container gb-container-88237b8d\">\n<div class=\"gb-grid-wrapper gb-grid-wrapper-429a302b\">\n<div class=\"gb-grid-column gb-grid-column-8193ac38\"><div class=\"gb-container gb-container-8193ac38\">\n\n<figure class=\"gb-block-image gb-block-image-dd850cda\"><img loading=\"lazy\" decoding=\"async\" width=\"600\" height=\"600\" class=\"gb-image gb-image-dd850cda\" src=\"https:\/\/cafebelgrado.com\/wp-content\/uploads\/2024\/12\/3-2.jpg\" alt=\"Cenas de Cumplea\u00f1os en Sant Cugat del Vall\u00e8s\" title=\"3\" srcset=\"https:\/\/cafebelgrado.com\/wp-content\/uploads\/2024\/12\/3-2.jpg 600w, https:\/\/cafebelgrado.com\/wp-content\/uploads\/2024\/12\/3-2-300x300.jpg 300w, https:\/\/cafebelgrado.com\/wp-content\/uploads\/2024\/12\/3-2-150x150.jpg 150w\" sizes=\"auto, (max-width: 600px) 100vw, 600px\" \/><\/figure>\n\n<\/div><\/div>\n\n<div class=\"gb-grid-column gb-grid-column-471285a6\"><div class=\"gb-container gb-container-471285a6\">\n\n<h2 class=\"gb-headline gb-headline-af877899 gb-headline-text\"><strong>Organizaci\u00f3n sencilla y sin estr\u00e9s<\/strong><\/h2>\n\n\n\n<p class=\"gb-headline gb-headline-93189c5e gb-headline-text\">Planificar tu cena de cumplea\u00f1os en el Caf\u00e9 Belgrado es f\u00e1cil y c\u00f3modo. Nos encargamos de todo: desde la decoraci\u00f3n hasta la atenci\u00f3n al cliente, para que puedas disfrutar al m\u00e1ximo sin preocupaciones. <\/p>\n\n\n\n<p class=\"gb-headline gb-headline-4e999d0c gb-headline-text\">Nuestro equipo est\u00e1 a tu disposici\u00f3n para ayudarte a coordinar todos los aspectos de la celebraci\u00f3n, incluyendo sugerencias para el men\u00fa, adaptaci\u00f3n a necesidades especiales y la creaci\u00f3n de una experiencia que cumpla tus expectativas.<\/p>\n\n<\/div><\/div>\n<\/div>\n<\/div>\n<\/div>\n\n<div class=\"gb-container gb-container-d85a1fc5 alignfull\">\n<div class=\"gb-container gb-container-f38a6455\">\n<div class=\"gb-grid-wrapper gb-grid-wrapper-46af3b54\">\n<div class=\"gb-grid-column gb-grid-column-8706f24e\"><div class=\"gb-container gb-container-8706f24e\">\n\n<h2 class=\"gb-headline gb-headline-b107e30a gb-headline-text\"><strong>Reserva Tus Cenas de Cumplea\u00f1os en Sant Cugat del Vall\u00e8s en Caf\u00e9 Belgrado<\/strong><\/h2>\n\n\n\n<p class=\"gb-headline gb-headline-1eb472fd gb-headline-text\">\u00bfA punto para celebrar un cumplea\u00f1os inolvidable? En Caf\u00e9 Belgrado, estamos preparados para ofrecerte un servicio de calidad en un entorno \u00fanico y especial. Contacta con nosotros hoy mismo y reserva tus cenas de cumplea\u00f1os. Nos encargaremos de todos los detalles para que podamos disfrutar al m\u00e1ximo de una noche m\u00e1gica rodeado de amigos y familiares. Te esperamos en Mercantic, en Sant Cugat del Vall\u00e8s, para celebrar juntos un momento especial que siempre recordar\u00e1s.    <\/p>\n\n\n<div class=\"gb-container gb-container-bfa1ab0d\">\n\n<a class=\"gb-button gb-button-d29553b8 gb-button-text\" href=\"mailto:cafebelgrado@grup66.com\" target=\"_blank\" rel=\"noopener noreferrer\"><strong>Contact<\/strong>e<\/a>\n\n<\/div>\n<\/div><\/div>\n\n<div class=\"gb-grid-column gb-grid-column-2b0f6e23\"><div class=\"gb-container gb-container-2b0f6e23\">\n\n<figure class=\"gb-block-image gb-block-image-db2aaa8b\"><img loading=\"lazy\" decoding=\"async\" width=\"600\" height=\"600\" class=\"gb-image gb-image-db2aaa8b\" src=\"https:\/\/cafebelgrado.com\/wp-content\/uploads\/2024\/12\/5-1.jpg\" alt=\"Cenas de Cumplea\u00f1os en Sant Cugat del Vall\u00e8s\" title=\"5\" srcset=\"https:\/\/cafebelgrado.com\/wp-content\/uploads\/2024\/12\/5-1.jpg 600w, https:\/\/cafebelgrado.com\/wp-content\/uploads\/2024\/12\/5-1-300x300.jpg 300w, https:\/\/cafebelgrado.com\/wp-content\/uploads\/2024\/12\/5-1-150x150.jpg 150w\" sizes=\"auto, (max-width: 600px) 100vw, 600px\" \/><\/figure>\n\n<\/div><\/div>\n<\/div>\n<\/div>\n<\/div>\n\n<div class=\"gb-container gb-container-8ca2aaed alignfull\">\n<div class=\"gb-container gb-container-1ed74c14\">\n\n<h2 class=\"gb-headline gb-headline-b72e94fe gb-headline-text\"><strong>Preguntas frecuentes sobre nuestras Cenas de Cumplea\u00f1os en Sant Cugat del Vall\u00e8s<\/strong><\/h2>\n\n\n<div id=\"rank-math-faq\" class=\"rank-math-block\" style=\"text-align:center\">\n<div class=\"rank-math-list \">\n<div id=\"faq-question-1730908342980\" class=\"rank-math-list-item\">\n<h3 class=\"rank-math-question \">\u00bfQu\u00e9 incluye el servicio de cenas de cumplea\u00f1os?<\/h3>\n<div class=\"rank-math-answer \">\n\n<p>El servicio incluye la personalizaci\u00f3n de la celebraci\u00f3n, una selecci\u00f3n variada de platos en el men\u00fa, decoraci\u00f3n b\u00e1sica y atenci\u00f3n dedicada para garantizar que el evento sea perfecto.<\/p>\n\n<\/div>\n<\/div>\n<div id=\"faq-question-1730908371312\" class=\"rank-math-list-item\">\n<h3 class=\"rank-math-question \">\u00bfSe puede reservar para grupos grandes?<\/h3>\n<div class=\"rank-math-answer \">\n\n<p>S\u00ed, en el Caf\u00e9 Belgrado tenemos espacios adaptados para grupos grandes. Solo es necesario que nos avises con antelaci\u00f3n para prepararlo todo seg\u00fan tus necesidades.<\/p>\n\n<\/div>\n<\/div>\n<div id=\"faq-question-1730908378903\" class=\"rank-math-list-item\">\n<h3 class=\"rank-math-question \">\u00bfQu\u00e9 tipo de entretenimiento se puede ofrecer durante la cena?<\/h3>\n<div class=\"rank-math-answer \">\n\n<p>Podemos ofrecer varias opciones de entretenimiento, como m\u00fasica en vivo o un DJ, para hacer que la velada sea a\u00fan m\u00e1s especial y divertida para ti y tus invitados.<\/p>\n\n<\/div>\n<\/div>\n<div id=\"faq-question-1730908387598\" class=\"rank-math-list-item\">\n<h3 class=\"rank-math-question \">\u00bfC\u00f3mo se hace la reserva para una cena de cumplea\u00f1os?<\/h3>\n<div class=\"rank-math-answer \">\n\n<p>La reserva se puede hacer f\u00e1cilmente contactando con nuestro equipo a trav\u00e9s del tel\u00e9fono o del formulario de contacto en nuestra p\u00e1gina web. Estamos aqu\u00ed para ayudarte a organizar cada detalle y asegurarnos de que todo sea sencillo y sin complicaciones.<\/p>\n\n<\/div>\n<\/div>\n<div id=\"faq-question-1730908395032\" class=\"rank-math-list-item\">\n<h3 class=\"rank-math-question \">\u00bfHay opciones de bebidas durante las cenas de cumplea\u00f1os?<\/h3>\n<div class=\"rank-math-answer \">\n\n<p>S\u00ed, contamos con una amplia variedad de bebidas, que incluyen vinos locales, c\u00f3cteles personalizados y opciones sin alcohol, para que todos los asistentes puedan disfrutar de la velada a vuestra manera.<\/p>\n\n<\/div>\n<\/div>\n<\/div>\n<\/div>\n\n<div class=\"gb-container gb-container-8ce970b8\">\n\n<a class=\"gb-button gb-button-0b518d1c gb-button-text\" href=\"https:\/\/cafebelgrado.com\/cartes\/\"><strong>Carta<\/strong><\/a>\n\n<\/div>\n<\/div>\n<\/div>","protected":false},"excerpt":{"rendered":"<p> &#8230; <a title=\"Cenas de Cumplea\u00f1os en Sant Cugat del Vall\u00e8s\" class=\"read-more\" href=\"https:\/\/cafebelgrado.com\/es\/cenas-de-cumpleanos-en-sant-cugat-del-valles\/\" aria-label=\"Leer m\u00e1s sobre Cenas de Cumplea\u00f1os en Sant Cugat del Vall\u00e8s\">Leer m\u00e1s<\/a><\/p>\n","protected":false},"author":1,"featured_media":2769,"parent":0,"menu_order":0,"comment_status":"closed","ping_status":"closed","template":"","meta":{"footnotes":""},"class_list":["post-3253","page","type-page","status-publish","has-post-thumbnail"],"_links":{"self":[{"href":"https:\/\/cafebelgrado.com\/es\/wp-json\/wp\/v2\/pages\/3253","targetHints":{"allow":["GET"]}}],"collection":[{"href":"https:\/\/cafebelgrado.com\/es\/wp-json\/wp\/v2\/pages"}],"about":[{"href":"https:\/\/cafebelgrado.com\/es\/wp-json\/wp\/v2\/types\/page"}],"author":[{"embeddable":true,"href":"https:\/\/cafebelgrado.com\/es\/wp-json\/wp\/v2\/users\/1"}],"replies":[{"embeddable":true,"href":"https:\/\/cafebelgrado.com\/es\/wp-json\/wp\/v2\/comments?post=3253"}],"version-history":[{"count":2,"href":"https:\/\/cafebelgrado.com\/es\/wp-json\/wp\/v2\/pages\/3253\/revisions"}],"predecessor-version":[{"id":3535,"href":"https:\/\/cafebelgrado.com\/es\/wp-json\/wp\/v2\/pages\/3253\/revisions\/3535"}],"wp:featuredmedia":[{"embeddable":true,"href":"https:\/\/cafebelgrado.com\/es\/wp-json\/wp\/v2\/media\/2769"}],"wp:attachment":[{"href":"https:\/\/cafebelgrado.com\/es\/wp-json\/wp\/v2\/media?parent=3253"}],"curies":[{"name":"wp","href":"https:\/\/api.w.org\/{rel}","templated":true}]}}