{"id":3252,"date":"2024-11-06T18:56:50","date_gmt":"2024-11-06T16:56:50","guid":{"rendered":"https:\/\/cafebelgrado.com\/cenas-de-empresa-en-sant-cugat-del-valles\/"},"modified":"2025-01-13T16:06:12","modified_gmt":"2025-01-13T14:06:12","slug":"cenas-de-empresa-en-sant-cugat-del-valles","status":"publish","type":"page","link":"https:\/\/cafebelgrado.com\/es\/cenas-de-empresa-en-sant-cugat-del-valles\/","title":{"rendered":"Cenas de Empresa en Sant Cugat del Vall\u00e8s"},"content":{"rendered":"<div class=\"gb-container gb-container-9101f2b3 alignfull\">\n<div class=\"gb-container gb-container-223c2aaa\">\n\n<h1 class=\"gb-headline gb-headline-df2914db gb-headline-text\">Cenas de Empresa en <br>Sant Cugat del Vall\u00e8s<\/h1>\n\n\n\n<a class=\"gb-button gb-button-ca4fd764 gb-button-text\" href=\"https:\/\/www.covermanager.com\/reserve\/module_restaurant\/restaurante-cafe-belgrado\/catalan\" target=\"_blank\" rel=\"noopener noreferrer\"><strong>Reservar<\/strong><\/a>\n\n<\/div>\n<\/div>\n\n<div class=\"gb-container gb-container-ffa2a43e alignfull\">\n<div class=\"gb-container gb-container-e7a0a95f\">\n\n<h2 class=\"gb-headline gb-headline-93272efb gb-headline-text\"><strong>Ambientes \u00danicos para Cenas de Empresa en Sant Cugat del Vall\u00e8s<\/strong><\/h2>\n\n\n\n<h3 class=\"gb-headline gb-headline-b112d928 gb-headline-text\">Espacios Agradables para tu Cena Corporativa<\/h3>\n\n\n\n<h3 class=\"gb-headline gb-headline-894d0d81 gb-headline-text\"><strong>\u00a1Reserva ahora!<\/strong><\/h3>\n\n\n\n<iframe\n  src=\"https:\/\/updates.ecoseo.net\/widget\/form\/pNQRkRxrcAqJEvqZNICh\"\n  style=\"width:100%;height:100%;border:none;border-radius:0px\"\n  id=\"inline-pNQRkRxrcAqJEvqZNICh\" \n  data-layout=\"{'id':'INLINE'}\"\n  data-trigger-type=\"alwaysShow\"\n  data-trigger-value=\"\"\n  data-activation-type=\"alwaysActivated\"\n  data-activation-value=\"\"\n  data-deactivation-type=\"neverDeactivate\"\n  data-deactivation-value=\"\"\n  data-form-name=\"Form Sopars d'empresa - ESP\"\n  data-height=\"418\"\n  data-layout-iframe-id=\"inline-pNQRkRxrcAqJEvqZNICh\"\n  data-form-id=\"pNQRkRxrcAqJEvqZNICh\"\n  title=\"Form Sopars d'empresa - ESP\"\n      >\n<\/iframe>\n<script src=\"https:\/\/updates.ecoseo.net\/js\/form_embed.js\"><\/script>\n\n<\/div>\n<\/div>\n\n<div class=\"gb-container gb-container-1d70f8fe alignfull\"><\/div>\n\n<div class=\"gb-container gb-container-975e45ee alignfull\">\n<div class=\"gb-container gb-container-23edff00\">\n\n<h2 class=\"gb-headline gb-headline-b6bf153e gb-headline-text\"><strong>Gastronom\u00eda exquisita <\/strong><br><strong>para satisfacer todos los gustos<\/strong><\/h2>\n\n\n\n<h3 class=\"gb-headline gb-headline-39c05762 gb-headline-text\">\u00a1Calidad y sabor excepcional<\/h3>\n\n\n\n<p class=\"gb-headline gb-headline-4937bc35 gb-headline-text\">Nuestro equipo culinario prepara cada plato con ingredientes frescos y de proximidad, garantizando una experiencia gastron\u00f3mica que no dejar\u00e1 a nadie indiferente. La combinaci\u00f3n de sabor, calidad y presentaci\u00f3n convierte cada comida en una celebraci\u00f3n de los sentidos. <\/p>\n\n\n\n<p class=\"gb-headline gb-headline-e8b57448 gb-headline-text\">Ya sea una opci\u00f3n gourmet o una propuesta m\u00e1s informal, aseguramos una cocina de alto nivel que cautivar\u00e1 a todos los comensales.<\/p>\n\n<\/div>\n<\/div>\n\n<div class=\"gb-container gb-container-e01381e7 alignfull\">\n<div class=\"gb-container gb-container-88237b8d\">\n<div class=\"gb-grid-wrapper gb-grid-wrapper-429a302b\">\n<div class=\"gb-grid-column gb-grid-column-8193ac38\"><div class=\"gb-container gb-container-8193ac38\">\n\n<figure class=\"gb-block-image gb-block-image-dd850cda\"><img loading=\"lazy\" decoding=\"async\" width=\"600\" height=\"600\" class=\"gb-image gb-image-dd850cda\" src=\"https:\/\/cafebelgrado.com\/wp-content\/uploads\/2024\/12\/pastel-belgrado.jpg\" alt=\"cenas de empresa en Sant Cugat del Vall\u00e8s\" title=\"pastel-belgrado\" srcset=\"https:\/\/cafebelgrado.com\/wp-content\/uploads\/2024\/12\/pastel-belgrado.jpg 600w, https:\/\/cafebelgrado.com\/wp-content\/uploads\/2024\/12\/pastel-belgrado-300x300.jpg 300w, https:\/\/cafebelgrado.com\/wp-content\/uploads\/2024\/12\/pastel-belgrado-150x150.jpg 150w\" sizes=\"auto, (max-width: 600px) 100vw, 600px\" \/><\/figure>\n\n<\/div><\/div>\n\n<div class=\"gb-grid-column gb-grid-column-471285a6\"><div class=\"gb-container gb-container-471285a6\">\n\n<h2 class=\"gb-headline gb-headline-af877899 gb-headline-text\"><strong>Experiencia Personalizada y Atenci\u00f3n Cura<\/strong><\/h2>\n\n\n\n<p class=\"gb-headline gb-headline-93189c5e gb-headline-text\">Una de las mayores ventajas de escoger Caf\u00e9 Belgrado para tus <strong>cenas de empresa en Sant Cugat del Vall\u00e8s<\/strong> es nuestra atenci\u00f3n al detalle y la personalizaci\u00f3n del servicio. Entendemos que cada empresa tiene sus propias necesidades y expectativas, y nuestro equipo est\u00e1 comprometido a ofrecer un servicio que cumpla y supere estas expectativas. <\/p>\n\n\n\n<p class=\"gb-headline gb-headline-4e999d0c gb-headline-text\">Desde la decoraci\u00f3n de los espacios hasta la selecci\u00f3n de bebidas, todo est\u00e1 dise\u00f1ado para que tu cena sea exactamente como la hab\u00edas imaginado. Nuestro personal se encargar\u00e1 de que cada detalle tenga cuidado y que la experiencia sea \u00fanica y memorable para todos los asistentes. <\/p>\n\n<\/div><\/div>\n<\/div>\n<\/div>\n<\/div>\n\n<div class=\"gb-container gb-container-d85a1fc5 alignfull\">\n<div class=\"gb-container gb-container-f38a6455\">\n<div class=\"gb-grid-wrapper gb-grid-wrapper-46af3b54\">\n<div class=\"gb-grid-column gb-grid-column-8706f24e\"><div class=\"gb-container gb-container-8706f24e\">\n\n<h2 class=\"gb-headline gb-headline-b107e30a gb-headline-text\"><strong>Reserva Tu Cena de Empresa en Sant Cugat del Vall\u00e8s en el Caf\u00e9 Belgrado<\/strong><\/h2>\n\n\n\n<p class=\"gb-headline gb-headline-1eb472fd gb-headline-text\">\u00bfA punto para hacer de tus <strong>cenas de empresa en Sant Cugat del Vall\u00e8s<\/strong> una experiencia inolvidable? En Caf\u00e9 Belgrado estamos preparados para ofrecerte el mejor servicio y un entorno incomparable. Contacta con nosotros hoy mismo y asegura una velada que tu equipo recordar\u00e1 con afecto. Te esperamos en el Mercantic, Sant Cugat del Vall\u00e8s, para celebrar juntos un evento \u00fanico.   <\/p>\n\n\n<div class=\"gb-container gb-container-bfa1ab0d\">\n\n<a class=\"gb-button gb-button-d29553b8 gb-button-text\" href=\"mailto:cafebelgrado@grup66.com\" target=\"_blank\" rel=\"noopener noreferrer\"><strong>Contacto<\/strong><\/a>\n\n<\/div>\n<\/div><\/div>\n\n<div class=\"gb-grid-column gb-grid-column-2b0f6e23\"><div class=\"gb-container gb-container-2b0f6e23\">\n\n<figure class=\"gb-block-image gb-block-image-db2aaa8b\"><img loading=\"lazy\" decoding=\"async\" width=\"600\" height=\"600\" class=\"gb-image gb-image-db2aaa8b\" src=\"https:\/\/cafebelgrado.com\/wp-content\/uploads\/2024\/12\/img4.jpg\" alt=\"cenas de empresa en Sant Cugat del Vall\u00e8s\" title=\"img4\" srcset=\"https:\/\/cafebelgrado.com\/wp-content\/uploads\/2024\/12\/img4.jpg 600w, https:\/\/cafebelgrado.com\/wp-content\/uploads\/2024\/12\/img4-300x300.jpg 300w, https:\/\/cafebelgrado.com\/wp-content\/uploads\/2024\/12\/img4-150x150.jpg 150w\" sizes=\"auto, (max-width: 600px) 100vw, 600px\" \/><\/figure>\n\n<\/div><\/div>\n<\/div>\n<\/div>\n<\/div>\n\n<div class=\"gb-container gb-container-8ca2aaed alignfull\">\n<div class=\"gb-container gb-container-1ed74c14\">\n\n<h2 class=\"gb-headline gb-headline-b72e94fe gb-headline-text\"><strong>Preguntas frecuentes sobre nuestras cenas de empresa en Sant Cugat del Vall\u00e8s<\/strong><\/h2>\n\n\n<div id=\"rank-math-faq\" class=\"rank-math-block\" style=\"text-align:center\">\n<div class=\"rank-math-list \">\n<div id=\"faq-question-1730908342980\" class=\"rank-math-list-item\">\n<h3 class=\"rank-math-question \">\u00bfQu\u00e9 calidad tienen los platos?<\/h3>\n<div class=\"rank-math-answer \">\n\n<p>Nuestros platos se preparan con ingredientes frescos y de proximidad, garantizando una experiencia culinaria de primer nivel. Nos centramos en ofrecer sabor y presentaci\u00f3n impecables. <\/p>\n\n<\/div>\n<\/div>\n<div id=\"faq-question-1730908371312\" class=\"rank-math-list-item\">\n<h3 class=\"rank-math-question \">\u00bfC\u00f3mo se hace la reserva para una cena de empresa?<\/h3>\n<div class=\"rank-math-answer \">\n\n<p>Puedes hacer la reserva contactando con nuestro equipo a trav\u00e9s del tel\u00e9fono o nuestro formulario de contacto en la web. Nos encargaremos de guiarte en el proceso para que todo sea sencillo y r\u00e1pido. <\/p>\n\n<\/div>\n<\/div>\n<div id=\"faq-question-1730908378903\" class=\"rank-math-list-item\">\n<h3 class=\"rank-math-question \">\u00bfCu\u00e1ntas personas pueden asistir a una cena de empresa en Caf\u00e9 Belgrado?<\/h3>\n<div class=\"rank-math-answer \">\n\n<p>Contamos con espacios adaptables para grupos peque\u00f1os y grandes. Podemos acoger desde cenas \u00edntimas de 10 personas hasta eventos m\u00e1s grandes de 50 o m\u00e1s asistentes. <\/p>\n\n<\/div>\n<\/div>\n<div id=\"faq-question-1730908387598\" class=\"rank-math-list-item\">\n<h3 class=\"rank-math-question \">\u00bfHay opciones de entretenimiento disponibles durante la cena?<\/h3>\n<div class=\"rank-math-answer \">\n\n<p>S\u00ed, podemos ofrecer varias opciones de entretenimiento, como m\u00fasica en vivo o DJ, para crear un ambiente animado y agradable durante la cena de empresa.<\/p>\n\n<\/div>\n<\/div>\n<div id=\"faq-question-1730908395032\" class=\"rank-math-list-item\">\n<h3 class=\"rank-math-question \">\u00bfQu\u00e9 tipos de bebidas se ofrecen durante las cenas de empresa?<\/h3>\n<div class=\"rank-math-answer \">\n\n<p>Ofrecemos una amplia selecci\u00f3n de bebidas, desde vinos locales hasta c\u00f3cteles personalizados, adem\u00e1s de bebidas sin alcohol para los que lo prefieran.<\/p>\n\n<\/div>\n<\/div>\n<\/div>\n<\/div>\n\n<div class=\"gb-container gb-container-8ce970b8\">\n\n<a class=\"gb-button gb-button-0b518d1c gb-button-text\" href=\"https:\/\/cafebelgrado.com\/cartes\/\"><strong>Carta<\/strong><\/a>\n\n<\/div>\n<\/div>\n<\/div>","protected":false},"excerpt":{"rendered":"<p> &#8230; <a title=\"Cenas de Empresa en Sant Cugat del Vall\u00e8s\" class=\"read-more\" href=\"https:\/\/cafebelgrado.com\/es\/cenas-de-empresa-en-sant-cugat-del-valles\/\" aria-label=\"Leer m\u00e1s sobre Cenas de Empresa en Sant Cugat del Vall\u00e8s\">Leer m\u00e1s<\/a><\/p>\n","protected":false},"author":1,"featured_media":2770,"parent":0,"menu_order":0,"comment_status":"closed","ping_status":"closed","template":"","meta":{"footnotes":""},"class_list":["post-3252","page","type-page","status-publish","has-post-thumbnail"],"_links":{"self":[{"href":"https:\/\/cafebelgrado.com\/es\/wp-json\/wp\/v2\/pages\/3252","targetHints":{"allow":["GET"]}}],"collection":[{"href":"https:\/\/cafebelgrado.com\/es\/wp-json\/wp\/v2\/pages"}],"about":[{"href":"https:\/\/cafebelgrado.com\/es\/wp-json\/wp\/v2\/types\/page"}],"author":[{"embeddable":true,"href":"https:\/\/cafebelgrado.com\/es\/wp-json\/wp\/v2\/users\/1"}],"replies":[{"embeddable":true,"href":"https:\/\/cafebelgrado.com\/es\/wp-json\/wp\/v2\/comments?post=3252"}],"version-history":[{"count":3,"href":"https:\/\/cafebelgrado.com\/es\/wp-json\/wp\/v2\/pages\/3252\/revisions"}],"predecessor-version":[{"id":3537,"href":"https:\/\/cafebelgrado.com\/es\/wp-json\/wp\/v2\/pages\/3252\/revisions\/3537"}],"wp:featuredmedia":[{"embeddable":true,"href":"https:\/\/cafebelgrado.com\/es\/wp-json\/wp\/v2\/media\/2770"}],"wp:attachment":[{"href":"https:\/\/cafebelgrado.com\/es\/wp-json\/wp\/v2\/media?parent=3252"}],"curies":[{"name":"wp","href":"https:\/\/api.w.org\/{rel}","templated":true}]}}