{"id":3251,"date":"2024-10-22T08:53:57","date_gmt":"2024-10-22T06:53:57","guid":{"rendered":"https:\/\/cafebelgrado.com\/afterwork-en-sant-cugat-del-valles\/"},"modified":"2025-01-13T16:05:14","modified_gmt":"2025-01-13T14:05:14","slug":"afterwork-en-sant-cugat-del-valles","status":"publish","type":"page","link":"https:\/\/cafebelgrado.com\/es\/afterwork-en-sant-cugat-del-valles\/","title":{"rendered":"Afterwork en Sant Cugat del Vall\u00e8s"},"content":{"rendered":"<div class=\"gb-container gb-container-9101f2b3 alignfull\">\n<div class=\"gb-container gb-container-223c2aaa\">\n\n<h1 class=\"gb-headline gb-headline-df2914db gb-headline-text\">Afterwork en Sant Cugat del Vall\u00e8s<\/h1>\n\n\n\n<a class=\"gb-button gb-button-ca4fd764 gb-button-text\" href=\"https:\/\/www.covermanager.com\/reserve\/module_restaurant\/restaurante-cafe-belgrado\/catalan\" target=\"_blank\" rel=\"noopener noreferrer\"><strong>Reservar<\/strong><\/a>\n\n<\/div>\n<\/div>\n\n<div class=\"gb-container gb-container-ffa2a43e alignfull\">\n<div class=\"gb-container gb-container-e7a0a95f\">\n\n<h2 class=\"gb-headline gb-headline-93272efb gb-headline-text\"><strong>Relajate y Disfruta de un Afterwork en sant cugat del vall\u00e8s \u00danico<\/strong><\/h2>\n\n\n\n<h3 class=\"gb-headline gb-headline-b112d928 gb-headline-text\">Un Ambiente perfecto para tu Afterwork en Sant Cugat del Vall\u00e8s<\/h3>\n\n\n\n<h3 class=\"gb-headline gb-headline-894d0d81 gb-headline-text\"><strong>\u00a1Reserva ahora!<\/strong><\/h3>\n\n\n\n<iframe\n  src=\"https:\/\/updates.ecoseo.net\/widget\/form\/GZ8iy9c0esibtPE8Nkwm\"\n  style=\"width:100%;height:100%;border:none;border-radius:0px\"\n  id=\"inline-GZ8iy9c0esibtPE8Nkwm\" \n  data-layout=\"{'id':'INLINE'}\"\n  data-trigger-type=\"alwaysShow\"\n  data-trigger-value=\"\"\n  data-activation-type=\"alwaysActivated\"\n  data-activation-value=\"\"\n  data-deactivation-type=\"neverDeactivate\"\n  data-deactivation-value=\"\"\n  data-form-name=\"Form Afeterwork - ESP\"\n  data-height=\"418\"\n  data-layout-iframe-id=\"inline-GZ8iy9c0esibtPE8Nkwm\"\n  data-form-id=\"GZ8iy9c0esibtPE8Nkwm\"\n  title=\"Form Afeterwork - ESP\"\n      >\n<\/iframe>\n<script src=\"https:\/\/updates.ecoseo.net\/js\/form_embed.js\"><\/script>\n\n<\/div>\n<\/div>\n\n<div class=\"gb-container gb-container-1d70f8fe alignfull\"><\/div>\n\n<div class=\"gb-container gb-container-975e45ee alignfull\">\n<div class=\"gb-container gb-container-23edff00\">\n\n<h2 class=\"gb-headline gb-headline-b6bf153e gb-headline-text\"><strong>Ofertas Gastron\u00f3micas Variadas<\/strong><\/h2>\n\n\n\n<h3 class=\"gb-headline gb-headline-39c05762 gb-headline-text\">Tapas y bebidas que satisfagan todos los gustos<\/h3>\n\n\n\n<p class=\"gb-headline gb-headline-4937bc35 gb-headline-text\">Una buena experiencia no estar\u00eda completa sin una buena oferta gastron\u00f3mica adecuada. En <strong>Caf\u00e9 Belgrado<\/strong> nos aseguramos de que tu velada sea perfecta ofreciendo una gran variedad de tapas y bebidas que se adapten a todos los gustos. Desde tapas tradicionales hasta opciones m\u00e1s innovadoras, nuestro men\u00fa est\u00e1 dise\u00f1ado para complacer todos los paladares.  <\/p>\n\n\n\n<p class=\"gb-headline gb-headline-e8b57448 gb-headline-text\">Adem\u00e1s, contamos con una selecci\u00f3n de bebidas, que incluye c\u00f3cteles cl\u00e1sicos, cervezas artesanales y vinos locales, as\u00ed como alternativas sin alcohol para aquellos que prefieren opciones m\u00e1s ligeras. Nuestro objetivo es que cada persona pueda encontrar algo que le guste y disfrute de la experiencia al m\u00e1ximo. La combinaci\u00f3n de buena comida y un ambiente agradable es lo que hace que el afterwork en Sant Cugat del Vall\u00e8s en Caf\u00e9 Belgrado sea una opci\u00f3n tan atractiva para relajarse despu\u00e9s de la oficina.  <\/p>\n\n<\/div>\n<\/div>\n\n<div class=\"gb-container gb-container-e01381e7 alignfull\">\n<div class=\"gb-container gb-container-88237b8d\">\n<div class=\"gb-grid-wrapper gb-grid-wrapper-429a302b\">\n<div class=\"gb-grid-column gb-grid-column-8193ac38\"><div class=\"gb-container gb-container-8193ac38\">\n\n<figure class=\"gb-block-image gb-block-image-dd850cda\"><img loading=\"lazy\" decoding=\"async\" width=\"600\" height=\"600\" class=\"gb-image gb-image-dd850cda\" src=\"https:\/\/cafebelgrado.com\/wp-content\/uploads\/2024\/12\/1.jpg\" alt=\"\" title=\"1\" srcset=\"https:\/\/cafebelgrado.com\/wp-content\/uploads\/2024\/12\/1.jpg 600w, https:\/\/cafebelgrado.com\/wp-content\/uploads\/2024\/12\/1-300x300.jpg 300w, https:\/\/cafebelgrado.com\/wp-content\/uploads\/2024\/12\/1-150x150.jpg 150w\" sizes=\"auto, (max-width: 600px) 100vw, 600px\" \/><\/figure>\n\n<\/div><\/div>\n\n<div class=\"gb-grid-column gb-grid-column-471285a6\"><div class=\"gb-container gb-container-471285a6\">\n\n<h2 class=\"gb-headline gb-headline-af877899 gb-headline-text\"><strong>Actividades y Entretenimiento para un Afterwork en Sant Cugat del Vall\u00e8s Completo<\/strong><\/h2>\n\n\n\n<p class=\"gb-headline gb-headline-93189c5e gb-headline-text\">En el Caf\u00e9 Belgrado ofrecemos opciones de entretenimiento que a\u00f1aden un toque extra de diversi\u00f3n a la velada. Desde m\u00fasica en vivo hasta sesiones de DJ, queremos que cada encuentro sea \u00fanico y memorable. La m\u00fasica crea el ambiente perfecto para desconectar, disfrutar y compartir momentos \u00fanicos con los compa\u00f1eros de trabajo.  <\/p>\n\n\n\n<p class=\"gb-headline gb-headline-4e999d0c gb-headline-text\">Tambi\u00e9n ofrecemos actividades especiales como catas de vino o eventos tem\u00e1ticos, que convierten <strong>el afterwork<\/strong> en algo m\u00e1s que una simple salida despu\u00e9s del trabajo. Queremos que cada visita a Caf\u00e9 Belgrado sea una experiencia completa, llena de buenos momentos y diversi\u00f3n. Nuestro objetivo es que os sint\u00e1is a gusto y disfruteis de un espacio donde os pod\u00e9is relajar y olvidar el estr\u00e9s de la jornada.  <\/p>\n\n<\/div><\/div>\n<\/div>\n<\/div>\n<\/div>\n\n<div class=\"gb-container gb-container-d85a1fc5 alignfull\">\n<div class=\"gb-container gb-container-f38a6455\">\n<div class=\"gb-grid-wrapper gb-grid-wrapper-46af3b54\">\n<div class=\"gb-grid-column gb-grid-column-8706f24e\"><div class=\"gb-container gb-container-8706f24e\">\n\n<h2 class=\"gb-headline gb-headline-b107e30a gb-headline-text\"><strong>Ven a Disfrutar del Mejor Afterwork en el Caf\u00e9 Belgrado<\/strong><\/h2>\n\n\n\n<p class=\"gb-headline gb-headline-1eb472fd gb-headline-text\">\u00bfA punto para acabar el d\u00eda de la mejor manera posible? En el Caf\u00e9 Belgrado, os ofrecemos un entorno \u00fanico, bebidas deliciosas y un ambiente ideal para relajaros despu\u00e9s del trabajo. Contacta con nosotros hoy mismo para obtener m\u00e1s informaci\u00f3n o simplemente vine y descubre porque somos la opci\u00f3n preferida en Sant Cugat del Vall\u00e8s. \u00a1Te esperamos para disfrutar juntos de una experiencia \u00fanica!   <\/p>\n\n\n<div class=\"gb-container gb-container-bfa1ab0d\">\n\n<a class=\"gb-button gb-button-d29553b8 gb-button-text\" href=\"mailto:cafebelgrado@grup66.com\" target=\"_blank\" rel=\"noopener noreferrer\"><strong>Contacto<\/strong><\/a>\n\n<\/div>\n<\/div><\/div>\n\n<div class=\"gb-grid-column gb-grid-column-2b0f6e23\"><div class=\"gb-container gb-container-2b0f6e23\">\n\n<figure class=\"gb-block-image gb-block-image-db2aaa8b\"><img loading=\"lazy\" decoding=\"async\" width=\"640\" height=\"420\" class=\"gb-image gb-image-db2aaa8b\" src=\"https:\/\/cafebelgrado.com\/wp-content\/uploads\/2024\/11\/1.jpg\" alt=\"\" title=\"1\" srcset=\"https:\/\/cafebelgrado.com\/wp-content\/uploads\/2024\/11\/1.jpg 640w, https:\/\/cafebelgrado.com\/wp-content\/uploads\/2024\/11\/1-300x197.jpg 300w\" sizes=\"auto, (max-width: 640px) 100vw, 640px\" \/><\/figure>\n\n<\/div><\/div>\n<\/div>\n<\/div>\n<\/div>\n\n<div class=\"gb-container gb-container-8ca2aaed alignfull\">\n<div class=\"gb-container gb-container-1ed74c14\">\n\n<h2 class=\"gb-headline gb-headline-b72e94fe gb-headline-text\"><strong>Preguntas frecuentes sobre nuestro Afterwork<\/strong> <strong>en Sant Cugat del Vall\u00e8s<\/strong><\/h2>\n\n\n<div id=\"rank-math-faq\" class=\"rank-math-block\" style=\"text-align:center\">\n<div class=\"rank-math-list \">\n<div id=\"faq-question-1730908342980\" class=\"rank-math-list-item\">\n<h3 class=\"rank-math-question \">\u00bfQu\u00e9 tipo de bebidas se ofrecen en Caf\u00e9 Belgrado?<\/h3>\n<div class=\"rank-math-answer \">\n\n<p>Ofrecemos una amplia selecci\u00f3n de bebidas, incluyendo cervezas artesanales, vinos locales, c\u00f3cteles cl\u00e1sicos y opciones sin alcohol, para que todo el mundo pueda disfrutar seg\u00fan sus preferencias.<\/p>\n\n<\/div>\n<\/div>\n<div id=\"faq-question-1730908371312\" class=\"rank-math-list-item\">\n<h3 class=\"rank-math-question \">\u00bfEs necesario reservar para asistir al afterwork?<\/h3>\n<div class=\"rank-math-answer \">\n\n<p>No es necesario hacer una reserva para asistir, aunque si vienes con un grupo grande, recomendamos ponerte en contacto con nosotros para garantizar un espacio adecuado para todos.<\/p>\n\n<\/div>\n<\/div>\n<div id=\"faq-question-1730908378903\" class=\"rank-math-list-item\">\n<h3 class=\"rank-math-question \">\u00bfQu\u00e9 tipo de comida se ofrece durante el afterwork?<\/h3>\n<div class=\"rank-math-answer \">\n\n<p>Disponemos de un men\u00fa de tapas variadas que incluye opciones tanto tradicionales como modernas, as\u00ed como alternativas para dietas especiales, como vegetranas o sin gluten.<\/p>\n\n<\/div>\n<\/div>\n<div id=\"faq-question-1730908387598\" class=\"rank-math-list-item\">\n<h3 class=\"rank-math-question \">\u00bfHay m\u00fasica en vivo durante el afterwork?<\/h3>\n<div class=\"rank-math-answer \">\n\n<p>S\u00ed, en Caf\u00e9 Belgrado contamos con m\u00fasica en vivo en determinadas ocasiones, as\u00ed como sesiones de DJ para hacer que el ambiente sea a\u00fan m\u00e1s especial y entretenido.<\/p>\n\n<\/div>\n<\/div>\n<div id=\"faq-question-1730908395032\" class=\"rank-math-list-item\">\n<h3 class=\"rank-math-question \">\u00bfPuedo organizar un evento privado para afterwork?<\/h3>\n<div class=\"rank-math-answer \">\n\n<p>S\u00ed, ofrecemos la posibilidad de organizar eventos privados de afterwork. Contactanos para conocer m\u00e1s detalles y organizar una velada inolvidable para tu grupo.<\/p>\n\n<\/div>\n<\/div>\n<\/div>\n<\/div>\n\n<div class=\"gb-container gb-container-8ce970b8\">\n\n<a class=\"gb-button gb-button-0b518d1c gb-button-text\" href=\"https:\/\/cafebelgrado.com\/cartes\/\"><strong>Carta<\/strong><\/a>\n\n<\/div>\n<\/div>\n<\/div>","protected":false},"excerpt":{"rendered":"<p> &#8230; <a title=\"Afterwork en Sant Cugat del Vall\u00e8s\" class=\"read-more\" href=\"https:\/\/cafebelgrado.com\/es\/afterwork-en-sant-cugat-del-valles\/\" aria-label=\"Leer m\u00e1s sobre Afterwork en Sant Cugat del Vall\u00e8s\">Leer m\u00e1s<\/a><\/p>\n","protected":false},"author":1,"featured_media":2772,"parent":0,"menu_order":0,"comment_status":"closed","ping_status":"closed","template":"","meta":{"footnotes":""},"class_list":["post-3251","page","type-page","status-publish","has-post-thumbnail"],"_links":{"self":[{"href":"https:\/\/cafebelgrado.com\/es\/wp-json\/wp\/v2\/pages\/3251","targetHints":{"allow":["GET"]}}],"collection":[{"href":"https:\/\/cafebelgrado.com\/es\/wp-json\/wp\/v2\/pages"}],"about":[{"href":"https:\/\/cafebelgrado.com\/es\/wp-json\/wp\/v2\/types\/page"}],"author":[{"embeddable":true,"href":"https:\/\/cafebelgrado.com\/es\/wp-json\/wp\/v2\/users\/1"}],"replies":[{"embeddable":true,"href":"https:\/\/cafebelgrado.com\/es\/wp-json\/wp\/v2\/comments?post=3251"}],"version-history":[{"count":2,"href":"https:\/\/cafebelgrado.com\/es\/wp-json\/wp\/v2\/pages\/3251\/revisions"}],"predecessor-version":[{"id":3534,"href":"https:\/\/cafebelgrado.com\/es\/wp-json\/wp\/v2\/pages\/3251\/revisions\/3534"}],"wp:featuredmedia":[{"embeddable":true,"href":"https:\/\/cafebelgrado.com\/es\/wp-json\/wp\/v2\/media\/2772"}],"wp:attachment":[{"href":"https:\/\/cafebelgrado.com\/es\/wp-json\/wp\/v2\/media?parent=3251"}],"curies":[{"name":"wp","href":"https:\/\/api.w.org\/{rel}","templated":true}]}}